{"id":1432,"date":"2013-12-12T01:04:29","date_gmt":"2013-12-12T05:04:29","guid":{"rendered":"http:\/\/platinumrvpark.com\/?page_id=1432"},"modified":"2026-01-12T22:34:28","modified_gmt":"2026-01-13T02:34:28","slug":"regles-et-reglements-du-terrain-de-camping","status":"publish","type":"page","link":"http:\/\/platinumrvpark.com\/fr\/regles-et-reglements-du-terrain-de-camping\/","title":{"rendered":"R\u00e8gles et r\u00e8glements du terrain de camping"},"content":{"rendered":"<div  class=\"fullwidth-content ui--section clearfix\"><div  class=\"ui--section-content\"><div class=\"container\"><div class=\"ui--image-wrap clearfix text-center ui--block\" style=\"margin-bottom: 40px;  margin-left: 0px;  margin-right: 0px;\"><img loading=\"lazy\" decoding=\"async\" width=\"1200\" height=\"300\" src=\"http:\/\/platinumrvpark.com\/wordpress\/wp-content\/uploads\/2013\/12\/slider10.jpg\" class=\"ui--image ui--animation\" alt=\"\" title=\"slider10\" id=\"ui--image-1\" srcset=\"http:\/\/platinumrvpark.com\/wordpress\/wp-content\/uploads\/2013\/12\/slider10.jpg 1200w, http:\/\/platinumrvpark.com\/wordpress\/wp-content\/uploads\/2013\/12\/slider10-300x75.jpg 300w, http:\/\/platinumrvpark.com\/wordpress\/wp-content\/uploads\/2013\/12\/slider10-1024x256.jpg 1024w\" sizes=\"auto, (max-width: 1200px) 100vw, 1200px\" \/><\/div><\/div><\/div><\/div><!-- \/.fullwidth-container --><div class=\"ui-row row\">\n <div   class=\"ui-column span8\"><div class=\"ui--title ui--animation ui--title-bordered text-left\"><div class=\"ui--title-holder\"><h1 class=\"ui--title-text\">R\u00e8gles et r\u00e8glements du terrain de camping<\/h1><div class=\"ui--title-borders ui--title-border-left\"><\/div><div class=\"ui--title-borders ui--title-border-right\"><\/div><\/div><\/div><div class=\"auto-format ui--animation\"><p>\u2022 1 unit\u00e9 RV et 2 v\u00e9hicules motoris\u00e9 par site sont permis dans le parc. Les \u00ab dirtbike \u00bb et VTT sont strictement interdits.<\/p>\n<p>\u2022 Les visiteurs doivent laisser leurs v\u00e9hicules dans l&#8217;aire de stationnement en dehors du terrain de camping.<\/p>\n<p>\u2022 Les visiteurs restant la nuit avec les invit\u00e9s saisonniers sont permis, avec l&#8217;approbation pr\u00e9alable de gestion de parc et sujet \u00e0 une charge quotidienne (voir les taux).<\/p>\n<p>\u2022 Les animaux domestiques DOIVENT \u00eatre sur une laisse \u00e0 tout moment. Toutes excr\u00e9ments DOIVENT \u00eatre imm\u00e9diatement ramass\u00e9 et jet\u00e9s dans les ordures. Les aboiements excessifs ou les perturbations ne seront pas tol\u00e9r\u00e9es, et peut avoir comme cons\u00e9quence le d\u00e9placement du terrain de camping.<\/p>\n<p>\u2022 Toutes ordures doivent \u00eatre \u00e9limin\u00e9s dans les r\u00e9cipients indiqu\u00e9s.<\/p>\n<p>\u2022 Toute l&#8217;eau (grise et noire) d&#8217;\u00e9gout du RV, doit \u00eatre vid\u00e9e dans les installations de syst\u00e8me d&#8217;eau d&#8217;\u00e9gout fournies \u00e0 chaque site. L&#8217;eau grise ou noire vidant sur la terre ou dans le bois est strictement interdit.<\/p>\n<p>\u2022 Le temps tranquille est de 22h \u00e0 7h. Le bruit excessif ne sera pas tol\u00e9r\u00e9 \u00e0 tout moment\u2026<\/p>\n<p>\u2022 Les feux de camp DOIVENT \u00eatre contenus dans les puits d\u00e9sign\u00e9, et DOIVENT jamais \u00eatre laiss\u00e9s sans surveillance.<\/p>\n<p>\u2022 Les FEUX D&#8217;ARTIFICE sont strictement interdits n&#8217;importe o\u00f9 sur la propri\u00e9t\u00e9.<\/p>\n<p>\u2022 La limite de vitesse est maximum de 10 km\/hr dans le parc, et les automobilistes DOIVENT c\u00e9der \u00e0 tout le monde.<\/p>\n<p>\u2022 Le \u00ab checkout \u00bb est a 13h.<\/p>\n<p>\u2022 \u00c0 la noirceur, le terrain de jeu est ferm\u00e9 et la bicyclette n&#8217;est pas autoris\u00e9e. TOUS les enfants (au-dessous de 18), doivent \u00eatre accompagn\u00e9s d&#8217;un adulte lorsque qu\u2019ils ne sont pas \u00e0 leur site.<\/p>\n<p>\u2022 Le parc est bord\u00e9 par des propri\u00e9t\u00e9s priv\u00e9es, svp soyez respectueux et rester dans les limites du parc \u00e0 tout moment.<\/p>\n<p>\u2022 Platinum RV Park est une soci\u00e9t\u00e9 priv\u00e9e. La gestion se r\u00e9serve le droit de refuser des services, d&#8217;expulser ou refuser l&#8217;acc\u00e8s \u00e0 n&#8217;importe qui, en aucun cas qu&#8217;elle juge n\u00e9cessaires.<\/p>\n<\/div><div class=\"ui-row row\">\n <div   class=\"ui-column span6\"><a class=\"btn btn-normal btn-block btn-icon-left btn-primary ui--animation\" href=\"http:\/\/platinumrvpark.com\/fr\/nous-joindre\/\" style=\"\">Nous joindre<\/a><\/div> \n\n <div   class=\"ui-column span6\"><a class=\"btn btn-normal btn-block btn-icon-left btn-secondary ui--animation\" href=\"http:\/\/platinumrvpark.com\/fr\/taux\/\" style=\"\">Nos taux<\/a><\/div> \n\n<\/div><\/div> \n\n <div   class=\"ui-column span4\"><div class=\"ui--image-wrap clearfix\" style=\"margin-top: 40px;  margin-left: -20px;\"><img loading=\"lazy\" decoding=\"async\" width=\"511\" height=\"769\" src=\"http:\/\/platinumrvpark.com\/wordpress\/wp-content\/uploads\/2013\/12\/campfire.jpg\" class=\"ui--image ui--animation\" alt=\"\" id=\"ui--image-2\" srcset=\"http:\/\/platinumrvpark.com\/wordpress\/wp-content\/uploads\/2013\/12\/campfire.jpg 511w, http:\/\/platinumrvpark.com\/wordpress\/wp-content\/uploads\/2013\/12\/campfire-199x300.jpg 199w\" sizes=\"auto, (max-width: 511px) 100vw, 511px\" \/><\/div><\/div> \n\n<\/div> \n<div  id=\"section-8wp3r\" class=\"fullwidth-content ui--section clearfix section-8wp3r color--dark\" style=\"margin-top: 42px;  margin-bottom: -12px;\"><div  class=\"ui--section-content\" style=\"padding-top: 30px;  padding-bottom: 12px;\"><div class=\"container\"><div  class=\"ui--tagline-box-wrapper ui--animation clearfix\" style=\"margin-top: 18px;\"><div  id=\"tagline-1\" class=\"ui--tagline-box ui-row clearfix ui--tagline-box-custom-color radius-3px\" data-responsive=\"{&quot;css&quot;:{&quot;min-height&quot;:{&quot;phone&quot;:&quot;auto&quot;,&quot;tablet&quot;:&quot;auto&quot;,&quot;widescreen&quot;:&quot;&quot;}}}\"><div  class=\"ui--tagline-background-container ui--tagline-background-overlay radius-3px\"><\/div><div  class=\"ui--tagline-background-container ui--tagline-background-image radius-3px\"><\/div><div  class=\"ui--tagline-content\"><div class=\"ui-row row\">\n <div   class=\"ui-column span6\"><div  class=\"ui--animation-in make--fx--fadein-ltr ui--pass clearfix\" data-fx=\"fx--fadein-ltr\" data-delay=\"400\" data-start-delay=\"0\"><h3 id=\"custom-title-h3-1\" class=\"ui--animation \" style=\"margin-bottom: 0px; \">Site saisonni\u00e8re pour 2026, contactez-nous pour plus de d\u00e9tails.<\/h3><div class=\"auto-format ui--animation\"><\/div><\/div><\/div> \n\n <div   class=\"ui-column span6\"><div class=\"ui-row row\">\n <div   class=\"ui-column span6\"><div  class=\"ui--animation-in make--fx--fadein-rtl ui--pass clearfix\" data-fx=\"fx--fadein-rtl\" data-delay=\"150\" data-start-delay=\"0\"><div class=\"text-center ui--animation\"><a class=\"btn btn-large btn-block btn-icon-left btn-black\" href=\"http:\/\/platinumrvpark.com\/fr\/taux\/\" style=\"\">Taux<\/a> <\/div><\/div><\/div> \n\n <div   class=\"ui-column span6\"><div  class=\"ui--animation-in make--fx--fadein-rtl ui--pass clearfix\" data-fx=\"fx--fadein-rtl\" data-delay=\"150\" data-start-delay=\"0\"><div class=\"text-center ui--animation\"><a class=\"btn btn-large btn-block btn-icon-left btn-black\" href=\"http:\/\/platinumrvpark.com\/fr\/reservation\/\" style=\"\">Inscrivez-vous ici<\/a> <\/div><\/div><\/div> \n\n<\/div><\/div> \n\n<\/div> \n<\/div><\/div><div class=\"ui--shadow ui--shadow-type-2  clearfix\"><img decoding=\"async\" src=\"http:\/\/platinumrvpark.com\/wordpress\/wp-content\/themes\/envision\/includes\/modules\/module.shadow\/shadows\/shadow-2.png\" alt=\"shadow\" \/><\/div><\/div><\/div><\/div><\/div><!-- \/.fullwidth-container -->","protected":false},"excerpt":{"rendered":"<p>R\u00e8gles et r\u00e8glements du terrain de camping\u2022 1 unit\u00e9 RV et 2 v\u00e9hicules motoris\u00e9 par site sont permis dans le parc. Les \u00ab dirtbike \u00bb et VTT sont strictement interdits. \u2022 Les visiteurs doivent laisser leurs v\u00e9hicules dans l&#8217;aire de stationnement en dehors du terrain de camping. \u2022 Les visiteurs restant la nuit avec les [&hellip;]<\/p>\n","protected":false},"author":3,"featured_media":0,"parent":0,"menu_order":0,"comment_status":"closed","ping_status":"open","template":"","meta":{"footnotes":""},"class_list":["post-1432","page","type-page","status-publish","hentry"],"yoast_head":"<!-- This site is optimized with the Yoast SEO plugin v27.4 - https:\/\/yoast.com\/product\/yoast-seo-wordpress\/ -->\n<title>R\u00e8gles et r\u00e8glements du terrain de camping - Platinum RV Park<\/title>\n<meta name=\"robots\" content=\"index, follow, max-snippet:-1, max-image-preview:large, max-video-preview:-1\" \/>\n<link rel=\"canonical\" href=\"https:\/\/platinumrvpark.com\/fr\/regles-et-reglements-du-terrain-de-camping\/\" \/>\n<meta property=\"og:locale\" content=\"fr_FR\" \/>\n<meta property=\"og:type\" content=\"article\" \/>\n<meta property=\"og:title\" content=\"R\u00e8gles et r\u00e8glements du terrain de camping - Platinum RV Park\" \/>\n<meta property=\"og:description\" content=\"R\u00e8gles et r\u00e8glements du terrain de camping\u2022 1 unit\u00e9 RV et 2 v\u00e9hicules motoris\u00e9 par site sont permis dans le parc. Les \u00ab dirtbike \u00bb et VTT sont strictement interdits. \u2022 Les visiteurs doivent laisser leurs v\u00e9hicules dans l&#8217;aire de stationnement en dehors du terrain de camping. \u2022 Les visiteurs restant la nuit avec les [&hellip;]\" \/>\n<meta property=\"og:url\" content=\"https:\/\/platinumrvpark.com\/fr\/regles-et-reglements-du-terrain-de-camping\/\" \/>\n<meta property=\"og:site_name\" content=\"Platinum RV Park\" \/>\n<meta property=\"article:modified_time\" content=\"2026-01-13T02:34:28+00:00\" \/>\n<meta name=\"twitter:card\" content=\"summary_large_image\" \/>\n<meta name=\"twitter:label1\" content=\"Est. reading time\" \/>\n\t<meta name=\"twitter:data1\" content=\"3 minutes\" \/>\n<script type=\"application\/ld+json\" class=\"yoast-schema-graph\">{\"@context\":\"https:\\\/\\\/schema.org\",\"@graph\":[{\"@type\":\"WebPage\",\"@id\":\"https:\\\/\\\/platinumrvpark.com\\\/fr\\\/regles-et-reglements-du-terrain-de-camping\\\/\",\"url\":\"https:\\\/\\\/platinumrvpark.com\\\/fr\\\/regles-et-reglements-du-terrain-de-camping\\\/\",\"name\":\"R\u00e8gles et r\u00e8glements du terrain de camping - Platinum RV Park\",\"isPartOf\":{\"@id\":\"https:\\\/\\\/platinumrvpark.com\\\/#website\"},\"datePublished\":\"2013-12-12T05:04:29+00:00\",\"dateModified\":\"2026-01-13T02:34:28+00:00\",\"breadcrumb\":{\"@id\":\"https:\\\/\\\/platinumrvpark.com\\\/fr\\\/regles-et-reglements-du-terrain-de-camping\\\/#breadcrumb\"},\"inLanguage\":\"fr-FR\",\"potentialAction\":[{\"@type\":\"ReadAction\",\"target\":[\"https:\\\/\\\/platinumrvpark.com\\\/fr\\\/regles-et-reglements-du-terrain-de-camping\\\/\"]}]},{\"@type\":\"BreadcrumbList\",\"@id\":\"https:\\\/\\\/platinumrvpark.com\\\/fr\\\/regles-et-reglements-du-terrain-de-camping\\\/#breadcrumb\",\"itemListElement\":[{\"@type\":\"ListItem\",\"position\":1,\"name\":\"Home\",\"item\":\"http:\\\/\\\/platinumrvpark.com\\\/fr\\\/\"},{\"@type\":\"ListItem\",\"position\":2,\"name\":\"R\u00e8gles et r\u00e8glements du terrain de camping\"}]},{\"@type\":\"WebSite\",\"@id\":\"https:\\\/\\\/platinumrvpark.com\\\/#website\",\"url\":\"https:\\\/\\\/platinumrvpark.com\\\/\",\"name\":\"Platinum RV Park\",\"description\":\"Platinum RV Park Near Shediac NB\",\"potentialAction\":[{\"@type\":\"SearchAction\",\"target\":{\"@type\":\"EntryPoint\",\"urlTemplate\":\"https:\\\/\\\/platinumrvpark.com\\\/?s={search_term_string}\"},\"query-input\":{\"@type\":\"PropertyValueSpecification\",\"valueRequired\":true,\"valueName\":\"search_term_string\"}}],\"inLanguage\":\"fr-FR\"}]}<\/script>\n<!-- \/ Yoast SEO plugin. -->","yoast_head_json":{"title":"R\u00e8gles et r\u00e8glements du terrain de camping - Platinum RV Park","robots":{"index":"index","follow":"follow","max-snippet":"max-snippet:-1","max-image-preview":"max-image-preview:large","max-video-preview":"max-video-preview:-1"},"canonical":"https:\/\/platinumrvpark.com\/fr\/regles-et-reglements-du-terrain-de-camping\/","og_locale":"fr_FR","og_type":"article","og_title":"R\u00e8gles et r\u00e8glements du terrain de camping - Platinum RV Park","og_description":"R\u00e8gles et r\u00e8glements du terrain de camping\u2022 1 unit\u00e9 RV et 2 v\u00e9hicules motoris\u00e9 par site sont permis dans le parc. Les \u00ab dirtbike \u00bb et VTT sont strictement interdits. \u2022 Les visiteurs doivent laisser leurs v\u00e9hicules dans l&#8217;aire de stationnement en dehors du terrain de camping. \u2022 Les visiteurs restant la nuit avec les [&hellip;]","og_url":"https:\/\/platinumrvpark.com\/fr\/regles-et-reglements-du-terrain-de-camping\/","og_site_name":"Platinum RV Park","article_modified_time":"2026-01-13T02:34:28+00:00","twitter_card":"summary_large_image","twitter_misc":{"Est. reading time":"3 minutes"},"schema":{"@context":"https:\/\/schema.org","@graph":[{"@type":"WebPage","@id":"https:\/\/platinumrvpark.com\/fr\/regles-et-reglements-du-terrain-de-camping\/","url":"https:\/\/platinumrvpark.com\/fr\/regles-et-reglements-du-terrain-de-camping\/","name":"R\u00e8gles et r\u00e8glements du terrain de camping - Platinum RV Park","isPartOf":{"@id":"https:\/\/platinumrvpark.com\/#website"},"datePublished":"2013-12-12T05:04:29+00:00","dateModified":"2026-01-13T02:34:28+00:00","breadcrumb":{"@id":"https:\/\/platinumrvpark.com\/fr\/regles-et-reglements-du-terrain-de-camping\/#breadcrumb"},"inLanguage":"fr-FR","potentialAction":[{"@type":"ReadAction","target":["https:\/\/platinumrvpark.com\/fr\/regles-et-reglements-du-terrain-de-camping\/"]}]},{"@type":"BreadcrumbList","@id":"https:\/\/platinumrvpark.com\/fr\/regles-et-reglements-du-terrain-de-camping\/#breadcrumb","itemListElement":[{"@type":"ListItem","position":1,"name":"Home","item":"http:\/\/platinumrvpark.com\/fr\/"},{"@type":"ListItem","position":2,"name":"R\u00e8gles et r\u00e8glements du terrain de camping"}]},{"@type":"WebSite","@id":"https:\/\/platinumrvpark.com\/#website","url":"https:\/\/platinumrvpark.com\/","name":"Platinum RV Park","description":"Platinum RV Park Near Shediac NB","potentialAction":[{"@type":"SearchAction","target":{"@type":"EntryPoint","urlTemplate":"https:\/\/platinumrvpark.com\/?s={search_term_string}"},"query-input":{"@type":"PropertyValueSpecification","valueRequired":true,"valueName":"search_term_string"}}],"inLanguage":"fr-FR"}]}},"_links":{"self":[{"href":"http:\/\/platinumrvpark.com\/fr\/wp-json\/wp\/v2\/pages\/1432","targetHints":{"allow":["GET"]}}],"collection":[{"href":"http:\/\/platinumrvpark.com\/fr\/wp-json\/wp\/v2\/pages"}],"about":[{"href":"http:\/\/platinumrvpark.com\/fr\/wp-json\/wp\/v2\/types\/page"}],"author":[{"embeddable":true,"href":"http:\/\/platinumrvpark.com\/fr\/wp-json\/wp\/v2\/users\/3"}],"replies":[{"embeddable":true,"href":"http:\/\/platinumrvpark.com\/fr\/wp-json\/wp\/v2\/comments?post=1432"}],"version-history":[{"count":6,"href":"http:\/\/platinumrvpark.com\/fr\/wp-json\/wp\/v2\/pages\/1432\/revisions"}],"predecessor-version":[{"id":1690,"href":"http:\/\/platinumrvpark.com\/fr\/wp-json\/wp\/v2\/pages\/1432\/revisions\/1690"}],"wp:attachment":[{"href":"http:\/\/platinumrvpark.com\/fr\/wp-json\/wp\/v2\/media?parent=1432"}],"curies":[{"name":"wp","href":"https:\/\/api.w.org\/{rel}","templated":true}]}}