{"id":1600,"date":"2024-04-22T10:30:05","date_gmt":"2024-04-22T14:30:05","guid":{"rendered":"http:\/\/platinumrvpark.com\/?page_id=1600"},"modified":"2026-01-12T22:33:11","modified_gmt":"2026-01-13T02:33:11","slug":"accueil","status":"publish","type":"page","link":"http:\/\/platinumrvpark.com\/fr\/","title":{"rendered":"Accueil"},"content":{"rendered":"<div  class=\"fullwidth-content ui--section clearfix\"><div  class=\"ui--section-content\"><div class=\"container\"><div class=\"ui--image-wrap clearfix text-center ui--block\" style=\"margin-bottom: 40px;  margin-left: 0px;  margin-right: 0px;\"><img loading=\"lazy\" decoding=\"async\" width=\"1200\" height=\"300\" src=\"http:\/\/platinumrvpark.com\/wordpress\/wp-content\/uploads\/2013\/12\/slider9.jpg\" class=\"ui--image ui--animation\" alt=\"\" title=\"slider9\" id=\"ui--image-1\" srcset=\"http:\/\/platinumrvpark.com\/wordpress\/wp-content\/uploads\/2013\/12\/slider9.jpg 1200w, http:\/\/platinumrvpark.com\/wordpress\/wp-content\/uploads\/2013\/12\/slider9-300x75.jpg 300w, http:\/\/platinumrvpark.com\/wordpress\/wp-content\/uploads\/2013\/12\/slider9-1024x256.jpg 1024w\" sizes=\"auto, (max-width: 1200px) 100vw, 1200px\" \/><\/div><\/div><\/div><\/div><!-- \/.fullwidth-container --><div class=\"ui-row row\">\n <div   class=\"ui-column span6\"><h1 id=\"custom-title-h1-1\" class=\"ui--animation \" style=\"margin-bottom: 6px; \">Bienvenue \u00e0 Platinum RV Park, o\u00f9 le confort roncontre la relaxation!<\/h1><div class=\"auto-format ui--animation\"><p>Situ\u00e9 seulement quelque minute de Shediac sur le chemin Babineau \u00e0 Grande-Digue NB. Platinum RV Park est un secteur campant loisirs \u00e9tant d\u00e9velopp\u00e9 sur 50 acres, destin\u00e9es \u00e0 fournir une exp\u00e9rience ext\u00e9rieure amicale et confortable. Con\u00e7u pour aujourd&#8217;hui aussi bien que le futur, nos grands sites ex\u00e9cutifs et chemins large sont assez spacieux pour adapter aux RV de toutes longueurs. <\/p>\n<p>Pour ceux qui cherchent \u00e0 s&#8217;\u00e9chapper pour le week-end, l&#8217;\u00e9t\u00e9, ou simplement prendre des vacances. Nous attendons de faire votre s\u00e9jour avec nous le plus agr\u00e9able possible ! ! !<\/p>\n<\/div><div class=\"ui--image-wrap clearfix\"><img loading=\"lazy\" decoding=\"async\" width=\"960\" height=\"540\" src=\"http:\/\/platinumrvpark.com\/wordpress\/wp-content\/uploads\/2014\/08\/10398677_744339645612194_1942690425037555545_n.jpg\" class=\"ui--image ui--animation\" alt=\"\" id=\"ui--image-2\" srcset=\"http:\/\/platinumrvpark.com\/wordpress\/wp-content\/uploads\/2014\/08\/10398677_744339645612194_1942690425037555545_n.jpg 960w, http:\/\/platinumrvpark.com\/wordpress\/wp-content\/uploads\/2014\/08\/10398677_744339645612194_1942690425037555545_n-300x168.jpg 300w\" sizes=\"auto, (max-width: 960px) 100vw, 960px\" \/><\/div><div class=\"ui--image-wrap clearfix\"><img loading=\"lazy\" decoding=\"async\" width=\"960\" height=\"360\" src=\"http:\/\/platinumrvpark.com\/wordpress\/wp-content\/uploads\/2014\/08\/10405590_748146615231497_2871168753170270808_n-3.jpg\" class=\"ui--image ui--animation\" alt=\"\" id=\"ui--image-3\" srcset=\"http:\/\/platinumrvpark.com\/wordpress\/wp-content\/uploads\/2014\/08\/10405590_748146615231497_2871168753170270808_n-3.jpg 960w, http:\/\/platinumrvpark.com\/wordpress\/wp-content\/uploads\/2014\/08\/10405590_748146615231497_2871168753170270808_n-3-300x112.jpg 300w\" sizes=\"auto, (max-width: 960px) 100vw, 960px\" \/><\/div><div class=\"ui--image-wrap clearfix\"><img loading=\"lazy\" decoding=\"async\" width=\"960\" height=\"540\" src=\"http:\/\/platinumrvpark.com\/wordpress\/wp-content\/uploads\/2014\/08\/10557475_747613431951482_6374380076825732163_n-3.jpg\" class=\"ui--image ui--animation\" alt=\"\" id=\"ui--image-4\" srcset=\"http:\/\/platinumrvpark.com\/wordpress\/wp-content\/uploads\/2014\/08\/10557475_747613431951482_6374380076825732163_n-3.jpg 960w, http:\/\/platinumrvpark.com\/wordpress\/wp-content\/uploads\/2014\/08\/10557475_747613431951482_6374380076825732163_n-3-300x168.jpg 300w\" sizes=\"auto, (max-width: 960px) 100vw, 960px\" \/><\/div><div class=\"ui--image-wrap clearfix\"><img loading=\"lazy\" decoding=\"async\" width=\"3023\" height=\"2604\" src=\"http:\/\/platinumrvpark.com\/wordpress\/wp-content\/uploads\/2021\/03\/Premium-2.jpg\" class=\"ui--image ui--animation\" alt=\"\" id=\"ui--image-5\" srcset=\"http:\/\/platinumrvpark.com\/wordpress\/wp-content\/uploads\/2021\/03\/Premium-2.jpg 3023w, http:\/\/platinumrvpark.com\/wordpress\/wp-content\/uploads\/2021\/03\/Premium-2-300x258.jpg 300w, http:\/\/platinumrvpark.com\/wordpress\/wp-content\/uploads\/2021\/03\/Premium-2-1024x882.jpg 1024w\" sizes=\"auto, (max-width: 3023px) 100vw, 3023px\" \/><\/div><\/div> \n\n <div   class=\"ui-column span6\"><div  class=\"ui--tagline-box-wrapper ui--animation clearfix\"><div  id=\"tagline-1\" class=\"ui--tagline-box ui-row clearfix ui--tagline-box-custom-color radius-3px\" data-responsive=\"{&quot;css&quot;:{&quot;min-height&quot;:{&quot;phone&quot;:&quot;auto&quot;,&quot;tablet&quot;:&quot;auto&quot;,&quot;widescreen&quot;:160}}}\"><div  class=\"ui--tagline-background-container ui--tagline-background-overlay radius-3px\"><\/div><div  class=\"ui--tagline-background-container ui--tagline-background-image radius-3px\"><\/div><div  class=\"ui--tagline-content\"><div class=\"ui-row row\">\n <div   class=\"ui-column span9\"><div  class=\"ui--animation-in make--fx--appear ui--pass clearfix\" data-fx=\"fx--appear\" data-delay=\"400\" data-start-delay=\"400\"><h3 id=\"custom-title-h3-1\" class=\"ui--animation \" style=\"margin-bottom: 0px; \">Nous joindre<\/h3><div class=\"auto-format ui--animation\"><p>Pour plus de renseignement sur notre parc.  Cliquez ici pour num\u00e9ro de t\u00e9l\u00e9phone, courriel, ou carte \u00e0 notre emplacement. <\/p>\n<\/div><a class=\"btn btn-normal btn-icon-right with-icon button-hover btn-dark ui--animation\" href=\"http:\/\/platinumrvpark.com\/fr\/nous-joindre\/\" style=\"margin-bottom: 0px;\">Nous joindre<span class=\"button-icon\"><i class=\"ui--icon ui--icon btn-icon icon-normal fontawesome-caret-right\"><\/i><\/span><\/a> <div class=\"ui--image-wrap clearfix hidden-phone \"><img loading=\"lazy\" decoding=\"async\" width=\"200\" height=\"200\" src=\"http:\/\/platinumrvpark.com\/wordpress\/wp-content\/uploads\/2013\/08\/maps-200x200.png\" class=\"ui--image ui--animation\" alt=\"\" style=\"position: absolute; bottom: -0px; right: -20px; max-width: 0px;\" id=\"ui--image-6\" srcset=\"http:\/\/platinumrvpark.com\/wordpress\/wp-content\/uploads\/2013\/08\/maps-200x200.png 200w, http:\/\/platinumrvpark.com\/wordpress\/wp-content\/uploads\/2013\/08\/maps-150x150.png 150w, http:\/\/platinumrvpark.com\/wordpress\/wp-content\/uploads\/2013\/08\/maps.png 256w\" sizes=\"auto, (max-width: 200px) 100vw, 200px\" \/><\/div><\/div><\/div> \n\n<\/div> \n<\/div><\/div><div class=\"ui--shadow ui--shadow-type-8  clearfix\"><img decoding=\"async\" src=\"http:\/\/platinumrvpark.com\/wordpress\/wp-content\/themes\/envision\/includes\/modules\/module.shadow\/shadows\/shadow-8.png\" alt=\"shadow\" \/><\/div><\/div><div class=\"ui--title ui--animation ui--title-bordered text-left\"><div class=\"ui--title-holder\"><h3 class=\"ui--title-text\">Mises \u00e0 jour du parc<\/h3><div class=\"ui--title-borders ui--title-border-left\"><\/div><div class=\"ui--title-borders ui--title-border-right\"><\/div><\/div><\/div><div class=\"ui-row row\">\n <div   class=\"ui-column span4\"><div  class=\"ui--progress-circle-wrapper\"><div  class=\"ui--progress-circle clearfix\" style=\"width: 200px;  height: 200px;  line-height: 200px;\" data-percent=\"0\" data-width=\"200\" data-rotate=\"-180\" data-percent-update=\"100\" data-line-width=\"25\" data-bar-color=\"#2a3030\" data-track-color=\"#f1f1f1\"><div class=\"ui--center-vertical\"><h1><strong><span class=\"ui--progress-circle-percent\">100<\/span><\/strong>%<h1><\/div><\/div><div class=\"ui--progress-circle-label\">Barri\u00e8re de s\u00e9curit\u00e9 \u00e9lectronique<\/div><\/div><\/div> \n\n <div   class=\"ui-column span4\"><div  class=\"ui--progress-circle-wrapper\"><div  class=\"ui--progress-circle clearfix\" style=\"width: 200px;  height: 200px;  line-height: 200px;\" data-percent=\"0\" data-width=\"200\" data-rotate=\"-180\" data-percent-update=\"1\" data-line-width=\"25\" data-bar-color=\"#2a3030\" data-track-color=\"#f1f1f1\"><div class=\"ui--center-vertical\"><h1><strong><span class=\"ui--progress-circle-percent\">1<\/span><\/strong>%<h1><\/div><\/div><div class=\"ui--progress-circle-label\">B\u00e2timent r\u00e9cr\u00e9atif<\/div><\/div><\/div> \n\n <div   class=\"ui-column span4\"><div  class=\"ui--progress-circle-wrapper\"><div  class=\"ui--progress-circle clearfix\" style=\"width: 200px;  height: 200px;  line-height: 200px;\" data-percent=\"0\" data-width=\"200\" data-rotate=\"-180\" data-percent-update=\"1\" data-line-width=\"25\" data-bar-color=\"#2a3030\" data-track-color=\"#f1f1f1\"><div class=\"ui--center-vertical\"><h1><strong><span class=\"ui--progress-circle-percent\">1<\/span><\/strong>%<h1><\/div><\/div><div class=\"ui--progress-circle-label\">\u00c0 venir<\/div><\/div><\/div> \n\n<\/div><\/div> \n\n<\/div> \n<div  class=\"ui--space clearfix\" data-responsive=\"{&quot;css&quot;:{&quot;height&quot;:{&quot;phone&quot;:null,&quot;tablet&quot;:null,&quot;widescreen&quot;:null}}}\"><\/div><div  id=\"section-8wp3r\" class=\"fullwidth-content ui--section clearfix section-8wp3r color--dark\" style=\"margin-top: 42px;  margin-bottom: -12px;\"><div  class=\"ui--section-content\" style=\"padding-top: 30px;  padding-bottom: 12px;\"><div class=\"container\"><div  class=\"ui--tagline-box-wrapper ui--animation clearfix\" style=\"margin-top: 18px;\"><div  id=\"tagline-2\" class=\"ui--tagline-box ui-row clearfix ui--tagline-box-custom-color radius-3px\" data-responsive=\"{&quot;css&quot;:{&quot;min-height&quot;:{&quot;phone&quot;:&quot;auto&quot;,&quot;tablet&quot;:&quot;auto&quot;,&quot;widescreen&quot;:&quot;&quot;}}}\"><div  class=\"ui--tagline-background-container ui--tagline-background-overlay radius-3px\"><\/div><div  class=\"ui--tagline-background-container ui--tagline-background-image radius-3px\"><\/div><div  class=\"ui--tagline-content\"><div class=\"ui-row row\">\n <div   class=\"ui-column span6\"><div  class=\"ui--animation-in make--fx--fadein-ltr ui--pass clearfix\" data-fx=\"fx--fadein-ltr\" data-delay=\"400\" data-start-delay=\"0\"><h3 id=\"custom-title-h3-2\" class=\"ui--animation \" style=\"margin-bottom: 0px; \">Site saisonni\u00e8re pour 2026, contactez-nous pour plus de d\u00e9tails.<\/h3><div class=\"auto-format ui--animation\"><\/div><\/div><\/div> \n\n <div   class=\"ui-column span6\"><div class=\"ui-row row\">\n <div   class=\"ui-column span6\"><div  class=\"ui--animation-in make--fx--fadein-rtl ui--pass clearfix\" data-fx=\"fx--fadein-rtl\" data-delay=\"150\" data-start-delay=\"0\"><div class=\"text-center ui--animation\"><a class=\"btn btn-large btn-block btn-icon-left btn-black\" href=\"http:\/\/platinumrvpark.com\/fr\/taux\/\" style=\"\">Taux<\/a> <\/div><\/div><\/div> \n\n <div   class=\"ui-column span6\"><div  class=\"ui--animation-in make--fx--fadein-rtl ui--pass clearfix\" data-fx=\"fx--fadein-rtl\" data-delay=\"150\" data-start-delay=\"0\"><div class=\"text-center ui--animation\"><a class=\"btn btn-large btn-block btn-icon-left btn-black\" href=\"http:\/\/platinumrvpark.com\/fr\/reservation\/\" style=\"\">Inscrivez-vous ici<\/a> <\/div><\/div><\/div> \n\n<\/div><\/div> \n\n<\/div> \n<\/div><\/div><div class=\"ui--shadow ui--shadow-type-2  clearfix\"><img decoding=\"async\" src=\"http:\/\/platinumrvpark.com\/wordpress\/wp-content\/themes\/envision\/includes\/modules\/module.shadow\/shadows\/shadow-2.png\" alt=\"shadow\" \/><\/div><\/div><\/div><\/div><\/div><!-- \/.fullwidth-container -->","protected":false},"excerpt":{"rendered":"<p>Bienvenue \u00e0 Platinum RV Park, o\u00f9 le confort roncontre la relaxation!Situ\u00e9 seulement quelque minute de Shediac sur le chemin Babineau \u00e0 Grande-Digue NB. Platinum RV Park est un secteur campant loisirs \u00e9tant d\u00e9velopp\u00e9 sur 50 acres, destin\u00e9es \u00e0 fournir une exp\u00e9rience ext\u00e9rieure amicale et confortable. Con\u00e7u pour aujourd&#8217;hui aussi bien que le futur, nos grands [&hellip;]<\/p>\n","protected":false},"author":2,"featured_media":0,"parent":0,"menu_order":0,"comment_status":"closed","ping_status":"closed","template":"","meta":{"footnotes":""},"class_list":["post-1600","page","type-page","status-publish","hentry"],"yoast_head":"<!-- This site is optimized with the Yoast SEO plugin v27.4 - https:\/\/yoast.com\/product\/yoast-seo-wordpress\/ -->\n<title>Accueil - Platinum RV Park<\/title>\n<meta name=\"robots\" content=\"index, follow, max-snippet:-1, max-image-preview:large, max-video-preview:-1\" \/>\n<link rel=\"canonical\" href=\"http:\/\/platinumrvpark.com\/fr\/\" \/>\n<meta property=\"og:locale\" content=\"fr_FR\" \/>\n<meta property=\"og:type\" content=\"article\" \/>\n<meta property=\"og:title\" content=\"Accueil - Platinum RV Park\" \/>\n<meta property=\"og:description\" content=\"Bienvenue \u00e0 Platinum RV Park, o\u00f9 le confort roncontre la relaxation!Situ\u00e9 seulement quelque minute de Shediac sur le chemin Babineau \u00e0 Grande-Digue NB. Platinum RV Park est un secteur campant loisirs \u00e9tant d\u00e9velopp\u00e9 sur 50 acres, destin\u00e9es \u00e0 fournir une exp\u00e9rience ext\u00e9rieure amicale et confortable. Con\u00e7u pour aujourd&#8217;hui aussi bien que le futur, nos grands [&hellip;]\" \/>\n<meta property=\"og:url\" content=\"http:\/\/platinumrvpark.com\/fr\/\" \/>\n<meta property=\"og:site_name\" content=\"Platinum RV Park\" \/>\n<meta property=\"article:modified_time\" content=\"2026-01-13T02:33:11+00:00\" \/>\n<meta name=\"twitter:card\" content=\"summary_large_image\" \/>\n<meta name=\"twitter:label1\" content=\"Est. reading time\" \/>\n\t<meta name=\"twitter:data1\" content=\"3 minutes\" \/>\n<script type=\"application\/ld+json\" class=\"yoast-schema-graph\">{\"@context\":\"https:\\\/\\\/schema.org\",\"@graph\":[{\"@type\":\"WebPage\",\"@id\":\"http:\\\/\\\/platinumrvpark.com\\\/fr\\\/\",\"url\":\"http:\\\/\\\/platinumrvpark.com\\\/fr\\\/\",\"name\":\"Accueil - Platinum RV Park\",\"isPartOf\":{\"@id\":\"https:\\\/\\\/platinumrvpark.com\\\/#website\"},\"datePublished\":\"2024-04-22T14:30:05+00:00\",\"dateModified\":\"2026-01-13T02:33:11+00:00\",\"breadcrumb\":{\"@id\":\"http:\\\/\\\/platinumrvpark.com\\\/fr\\\/#breadcrumb\"},\"inLanguage\":\"fr-FR\",\"potentialAction\":[{\"@type\":\"ReadAction\",\"target\":[\"http:\\\/\\\/platinumrvpark.com\\\/fr\\\/\"]}]},{\"@type\":\"BreadcrumbList\",\"@id\":\"http:\\\/\\\/platinumrvpark.com\\\/fr\\\/#breadcrumb\",\"itemListElement\":[{\"@type\":\"ListItem\",\"position\":1,\"name\":\"Home\",\"item\":\"http:\\\/\\\/platinumrvpark.com\\\/fr\\\/\"},{\"@type\":\"ListItem\",\"position\":2,\"name\":\"Accueil\"}]},{\"@type\":\"WebSite\",\"@id\":\"https:\\\/\\\/platinumrvpark.com\\\/#website\",\"url\":\"https:\\\/\\\/platinumrvpark.com\\\/\",\"name\":\"Platinum RV Park\",\"description\":\"Platinum RV Park Near Shediac NB\",\"potentialAction\":[{\"@type\":\"SearchAction\",\"target\":{\"@type\":\"EntryPoint\",\"urlTemplate\":\"https:\\\/\\\/platinumrvpark.com\\\/?s={search_term_string}\"},\"query-input\":{\"@type\":\"PropertyValueSpecification\",\"valueRequired\":true,\"valueName\":\"search_term_string\"}}],\"inLanguage\":\"fr-FR\"}]}<\/script>\n<!-- \/ Yoast SEO plugin. -->","yoast_head_json":{"title":"Accueil - Platinum RV Park","robots":{"index":"index","follow":"follow","max-snippet":"max-snippet:-1","max-image-preview":"max-image-preview:large","max-video-preview":"max-video-preview:-1"},"canonical":"http:\/\/platinumrvpark.com\/fr\/","og_locale":"fr_FR","og_type":"article","og_title":"Accueil - Platinum RV Park","og_description":"Bienvenue \u00e0 Platinum RV Park, o\u00f9 le confort roncontre la relaxation!Situ\u00e9 seulement quelque minute de Shediac sur le chemin Babineau \u00e0 Grande-Digue NB. Platinum RV Park est un secteur campant loisirs \u00e9tant d\u00e9velopp\u00e9 sur 50 acres, destin\u00e9es \u00e0 fournir une exp\u00e9rience ext\u00e9rieure amicale et confortable. Con\u00e7u pour aujourd&#8217;hui aussi bien que le futur, nos grands [&hellip;]","og_url":"http:\/\/platinumrvpark.com\/fr\/","og_site_name":"Platinum RV Park","article_modified_time":"2026-01-13T02:33:11+00:00","twitter_card":"summary_large_image","twitter_misc":{"Est. reading time":"3 minutes"},"schema":{"@context":"https:\/\/schema.org","@graph":[{"@type":"WebPage","@id":"http:\/\/platinumrvpark.com\/fr\/","url":"http:\/\/platinumrvpark.com\/fr\/","name":"Accueil - Platinum RV Park","isPartOf":{"@id":"https:\/\/platinumrvpark.com\/#website"},"datePublished":"2024-04-22T14:30:05+00:00","dateModified":"2026-01-13T02:33:11+00:00","breadcrumb":{"@id":"http:\/\/platinumrvpark.com\/fr\/#breadcrumb"},"inLanguage":"fr-FR","potentialAction":[{"@type":"ReadAction","target":["http:\/\/platinumrvpark.com\/fr\/"]}]},{"@type":"BreadcrumbList","@id":"http:\/\/platinumrvpark.com\/fr\/#breadcrumb","itemListElement":[{"@type":"ListItem","position":1,"name":"Home","item":"http:\/\/platinumrvpark.com\/fr\/"},{"@type":"ListItem","position":2,"name":"Accueil"}]},{"@type":"WebSite","@id":"https:\/\/platinumrvpark.com\/#website","url":"https:\/\/platinumrvpark.com\/","name":"Platinum RV Park","description":"Platinum RV Park Near Shediac NB","potentialAction":[{"@type":"SearchAction","target":{"@type":"EntryPoint","urlTemplate":"https:\/\/platinumrvpark.com\/?s={search_term_string}"},"query-input":{"@type":"PropertyValueSpecification","valueRequired":true,"valueName":"search_term_string"}}],"inLanguage":"fr-FR"}]}},"_links":{"self":[{"href":"http:\/\/platinumrvpark.com\/fr\/wp-json\/wp\/v2\/pages\/1600","targetHints":{"allow":["GET"]}}],"collection":[{"href":"http:\/\/platinumrvpark.com\/fr\/wp-json\/wp\/v2\/pages"}],"about":[{"href":"http:\/\/platinumrvpark.com\/fr\/wp-json\/wp\/v2\/types\/page"}],"author":[{"embeddable":true,"href":"http:\/\/platinumrvpark.com\/fr\/wp-json\/wp\/v2\/users\/2"}],"replies":[{"embeddable":true,"href":"http:\/\/platinumrvpark.com\/fr\/wp-json\/wp\/v2\/comments?post=1600"}],"version-history":[{"count":5,"href":"http:\/\/platinumrvpark.com\/fr\/wp-json\/wp\/v2\/pages\/1600\/revisions"}],"predecessor-version":[{"id":1688,"href":"http:\/\/platinumrvpark.com\/fr\/wp-json\/wp\/v2\/pages\/1600\/revisions\/1688"}],"wp:attachment":[{"href":"http:\/\/platinumrvpark.com\/fr\/wp-json\/wp\/v2\/media?parent=1600"}],"curies":[{"name":"wp","href":"https:\/\/api.w.org\/{rel}","templated":true}]}}