{"id":1422,"date":"2013-08-22T13:55:38","date_gmt":"2013-08-22T17:55:38","guid":{"rendered":"http:\/\/platinumrvpark.com\/?page_id=1422"},"modified":"2026-01-12T22:36:57","modified_gmt":"2026-01-13T02:36:57","slug":"taux","status":"publish","type":"page","link":"https:\/\/platinumrvpark.com\/fr\/taux\/","title":{"rendered":"Taux"},"content":{"rendered":"<div  class=\"fullwidth-content ui--section clearfix\"><div  class=\"ui--section-content\"><div class=\"container\"><div class=\"ui--image-wrap clearfix text-center ui--block\" style=\"margin-bottom: 40px;  margin-left: 0px;  margin-right: 0px;\"><img loading=\"lazy\" decoding=\"async\" width=\"1200\" height=\"300\" src=\"https:\/\/platinumrvpark.com\/wordpress\/wp-content\/uploads\/2013\/12\/slider10.jpg\" class=\"ui--image ui--animation\" alt=\"\" title=\"slider10\" id=\"ui--image-1\" srcset=\"https:\/\/platinumrvpark.com\/wordpress\/wp-content\/uploads\/2013\/12\/slider10.jpg 1200w, https:\/\/platinumrvpark.com\/wordpress\/wp-content\/uploads\/2013\/12\/slider10-300x75.jpg 300w, https:\/\/platinumrvpark.com\/wordpress\/wp-content\/uploads\/2013\/12\/slider10-1024x256.jpg 1024w\" sizes=\"auto, (max-width: 1200px) 100vw, 1200px\" \/><\/div><\/div><\/div><\/div><!-- \/.fullwidth-container --><h1 id=\"custom-title-h1-1\" class=\"ui--animation \" style=\"\">Taux<\/h1><div  class=\"ui--space clearfix\" data-responsive=\"{&quot;css&quot;:{&quot;height&quot;:{&quot;phone&quot;:null,&quot;tablet&quot;:null,&quot;widescreen&quot;:null}}}\"><\/div><div  id=\"section-cr4zq\" class=\"fullwidth-content ui--section clearfix inner-shadow-2 section-cr4zq\" style=\"margin-top: -31px;  margin-bottom: 30px;\"><div  class=\"ui--section-content inner-shadow-2\" style=\"padding-top: 58px;  padding-bottom: 20px;\"><div class=\"container\"><div  class=\"ui--animation-in make--fx--appear ui--pass clearfix\" data-fx=\"fx--appear\" data-delay=\"150\" data-start-delay=\"0\"><div class=\"ui--pricing-table-wrap clearfix \"><ul id=\"price_table_1\" class=\"ui--pricing-table unstyled clearfix columns-4\"><li class=\"ui--pricing-table-column ui--animation\"><div class=\"ui--shadow-top inset ui--box\"><div class=\"ui--pricing-table-item-title-wrap ui--gradient ui--gradient-grey\">\n\t\t\t\t\t\t<h1 class=\"ui--pricing-table-item-title \" style=\"font-size: 30px !important; \"><strong>Quotidien & hebdomadaire<\/strong><\/h1><\/div><div class=\"ui--pricing-table-before-html clearfix\"><h2 class=\"ui--pricing-table-item-price\" style=\"font-size: 28px !important; \"><strong>$60<\/strong><small style=\"font-size:60% !important;\">par nuit<\/small> ou <strong>$360<\/strong><small style=\"font-size:60% !important;\">par semaine<\/small><\/h2><\/div><div class=\"ui--pricing-table-features-rows ui--pricing-table-features text-left\"><div class=\"ui--pricing-table-feature ui--pricing-table-feature-row-0 odd ui--animation\" data-group=\"ui--pricing-table-feature-row-0\" data-fx=\"fx--caption-left\"> <i class=\"ui--icon fontawesome-ok icon-inline-block\" style=\"font-size: 18px;  width: 22px;  height: 22px;  color: #169fe6 !important;  margin-right: 5px;\"><\/i> Branchement (30 amp, l'eau, l'\u00e9gout) <\/div><div class=\"ui--pricing-table-feature ui--pricing-table-feature-row-1 even ui--animation\" data-group=\"ui--pricing-table-feature-row-1\" data-fx=\"fx--caption-left\"> <i class=\"ui--icon fontawesome-ok icon-inline-block\" style=\"font-size: 18px;  width: 22px;  height: 22px;  color: #169fe6 !important;  margin-right: 5px;\"><\/i> Site extra large <\/div><\/div><div class=\"ui--pricing-table-after-html\"><div class=\"text-center ui--animation\"><a class=\"btn btn-large btn-block btn-icon-left btn-primary\" href=\"http:\/\/platinumrvpark.com\/fr\/reservation\/\" style=\"\">R\u00e9servations<\/a> <\/div>\n<\/div><\/div><div class=\"ui--shadow ui--shadow-type-8  clearfix\"><img decoding=\"async\" src=\"https:\/\/platinumrvpark.com\/wordpress\/wp-content\/themes\/envision\/includes\/modules\/module.shadow\/shadows\/shadow-8.png\" alt=\"shadow\" \/><\/div><\/li><li class=\"ui--pricing-table-column ui--animation\"><div class=\"ui--shadow-top inset ui--box\"><div class=\"ui--pricing-table-item-title-wrap ui--gradient ui--gradient-grey\">\n\t\t\t\t\t\t<h1 class=\"ui--pricing-table-item-title \" style=\"font-size: 30px !important; \"><strong>Quotidien & hebdomadaire (50 amp)<\/strong><\/h1><\/div><div class=\"ui--pricing-table-before-html clearfix\"><h2 class=\"ui--pricing-table-item-price\" style=\"font-size: 28px !important; \"><strong>$70<\/strong><small style=\"font-size:60% !important;\">par nuit<\/small> ou <strong>$420<\/strong><small style=\"font-size:60% !important;\">par semaine<\/small><\/h2><\/div><div class=\"ui--pricing-table-features-rows ui--pricing-table-features text-left\"><div class=\"ui--pricing-table-feature ui--pricing-table-feature-row-0 odd ui--animation\" data-group=\"ui--pricing-table-feature-row-0\" data-fx=\"fx--caption-left\"> <i class=\"ui--icon fontawesome-ok icon-inline-block\" style=\"font-size: 18px;  width: 22px;  height: 22px;  color: #169fe6 !important;  margin-right: 5px;\"><\/i> Branchement (50 amp, l'eau, l'\u00e9gout) <\/div><div class=\"ui--pricing-table-feature ui--pricing-table-feature-row-1 even ui--animation\" data-group=\"ui--pricing-table-feature-row-1\" data-fx=\"fx--caption-left\"> <i class=\"ui--icon fontawesome-ok icon-inline-block\" style=\"font-size: 18px;  width: 22px;  height: 22px;  color: #169fe6 !important;  margin-right: 5px;\"><\/i> Site extra large <\/div><\/div><div class=\"ui--pricing-table-after-html\"><div class=\"text-center ui--animation\"><a class=\"btn btn-large btn-block btn-icon-left btn-primary\" href=\"http:\/\/platinumrvpark.com\/fr\/reservation\/\" style=\"\">R\u00e9servations<\/a> <\/div>\n<\/div><\/div><div class=\"ui--shadow ui--shadow-type-8  clearfix\"><img decoding=\"async\" src=\"https:\/\/platinumrvpark.com\/wordpress\/wp-content\/themes\/envision\/includes\/modules\/module.shadow\/shadows\/shadow-8.png\" alt=\"shadow\" \/><\/div><\/li><li class=\"ui--pricing-table-column ui--animation featured\"><div class=\"ui--shadow-top inset ui--box\"><div class=\"ui--pricing-table-item-title-wrap ui--gradient ui--accent-gradient ui--accent-color\">\n\t\t\t\t\t\t<h1 class=\"ui--pricing-table-item-title ui--accent-color-forced\" style=\"font-size: 30px !important; \"><strong>Site saisonnier 2026<\/strong><\/h1><\/div><div class=\"ui--pricing-table-before-html clearfix\"><h2 class=\"ui--pricing-table-item-price\" style=\"font-size: 28px !important; \"><strong>$2200 (30 amp) ou $2400 (50 amp)<\/strong><small style=\"font-size:60% !important;\">+ TVH + l'\u00e9lectricit\u00e9 (chaque site individuellement r\u00e9gul\u00e9)<\/small><\/h2><\/div><div class=\"ui--pricing-table-features-rows ui--pricing-table-features text-left\"><div class=\"ui--pricing-table-feature ui--pricing-table-feature-row-0 odd ui--animation\" data-group=\"ui--pricing-table-feature-row-0\" data-fx=\"fx--caption-right\"> <i class=\"ui--icon fontawesome-ok icon-inline-block\" style=\"font-size: 18px;  width: 22px;  height: 22px;  color: #169fe6 !important;  margin-right: 5px;\"><\/i> Branchement (30 ou 50 amp, l'eau, l'\u00e9gout) <\/div><div class=\"ui--pricing-table-feature ui--pricing-table-feature-row-1 even ui--animation\" data-group=\"ui--pricing-table-feature-row-1\" data-fx=\"fx--caption-right\"> <i class=\"ui--icon fontawesome-ok icon-inline-block\" style=\"font-size: 18px;  width: 22px;  height: 22px;  color: #169fe6 !important;  margin-right: 5px;\"><\/i> Site extra large <\/div><div class=\"ui--pricing-table-feature ui--pricing-table-feature-row-2 odd ui--animation\" data-group=\"ui--pricing-table-feature-row-2\" data-fx=\"fx--caption-right\"><\/div><\/div><div class=\"ui--pricing-table-after-html\"><div class=\"text-center ui--animation\"><a class=\"btn btn-large btn-block btn-icon-left btn-primary\" href=\"http:\/\/platinumrvpark.com\/fr\/reservation\/\" style=\"\">Inscrivez-vous ici<\/a> <\/div>\n<\/div><\/div><div class=\"ui--shadow ui--shadow-type-8  clearfix\"><img decoding=\"async\" src=\"https:\/\/platinumrvpark.com\/wordpress\/wp-content\/themes\/envision\/includes\/modules\/module.shadow\/shadows\/shadow-8.png\" alt=\"shadow\" \/><\/div><\/li><li class=\"ui--pricing-table-column ui--animation featured\"><div class=\"ui--shadow-top inset ui--box\"><div class=\"ui--pricing-table-item-title-wrap ui--gradient ui--accent-gradient ui--accent-color\">\n\t\t\t\t\t\t<h1 class=\"ui--pricing-table-item-title ui--accent-color-forced\" style=\"font-size: 30px !important; \"><strong>Site premium saisonnier 2026<\/strong><\/h1><\/div><div class=\"ui--pricing-table-before-html clearfix\"><h2 class=\"ui--pricing-table-item-price\" style=\"font-size: 28px !important; \"><strong>$2400 (30 amp) ou $2600 (50 amp)<\/strong><small style=\"font-size:60% !important;\">+ TVH + l'\u00e9lectricit\u00e9 (chaque site individuellement r\u00e9gul\u00e9)<\/small><\/h2><\/div><div class=\"ui--pricing-table-features-rows ui--pricing-table-features text-left\"><div class=\"ui--pricing-table-feature ui--pricing-table-feature-row-0 odd ui--animation\" data-group=\"ui--pricing-table-feature-row-0\" data-fx=\"fx--caption-right\"> <i class=\"ui--icon fontawesome-ok icon-inline-block\" style=\"font-size: 18px;  width: 22px;  height: 22px;  color: #169fe6 !important;  margin-right: 5px;\"><\/i> Branchement (30 ou 50 amp, l'eau, l'\u00e9gout) <\/div><div class=\"ui--pricing-table-feature ui--pricing-table-feature-row-1 even ui--animation\" data-group=\"ui--pricing-table-feature-row-1\" data-fx=\"fx--caption-right\"> <i class=\"ui--icon fontawesome-ok icon-inline-block\" style=\"font-size: 18px;  width: 22px;  height: 22px;  color: #169fe6 !important;  margin-right: 5px;\"><\/i> Site premium extra large <\/div><div class=\"ui--pricing-table-feature ui--pricing-table-feature-row-2 odd ui--animation\" data-group=\"ui--pricing-table-feature-row-2\" data-fx=\"fx--caption-right\"><\/div><\/div><div class=\"ui--pricing-table-after-html\"><div class=\"text-center ui--animation\"><a class=\"btn btn-large btn-block btn-icon-left btn-primary\" href=\"http:\/\/platinumrvpark.com\/fr\/reservation\/\" style=\"\">Inscrivez-vous ici<\/a> <\/div>\n<\/div><\/div><div class=\"ui--shadow ui--shadow-type-8  clearfix\"><img decoding=\"async\" src=\"https:\/\/platinumrvpark.com\/wordpress\/wp-content\/themes\/envision\/includes\/modules\/module.shadow\/shadows\/shadow-8.png\" alt=\"shadow\" \/><\/div><\/li><\/ul><\/div><\/div><\/div><\/div><\/div><!-- \/.fullwidth-container -->","protected":false},"excerpt":{"rendered":"<p>Taux Quotidien &#038; hebdomadaire$60par nuit ou $360par semaine Branchement (30 amp, l&#8217;eau, l&#8217;\u00e9gout) Site extra large R\u00e9servations Quotidien &#038; hebdomadaire (50 amp)$70par nuit ou $420par semaine Branchement (50 amp, l&#8217;eau, l&#8217;\u00e9gout) Site extra large R\u00e9servations Site saisonnier 2026$2200 (30 amp) ou $2400 (50 amp)+ TVH + l&#8217;\u00e9lectricit\u00e9 (chaque site individuellement r\u00e9gul\u00e9) Branchement (30 ou 50 [&hellip;]<\/p>\n","protected":false},"author":3,"featured_media":0,"parent":0,"menu_order":0,"comment_status":"closed","ping_status":"open","template":"","meta":{"footnotes":""},"class_list":["post-1422","page","type-page","status-publish","hentry"],"yoast_head":"<!-- This site is optimized with the Yoast SEO plugin v27.5 - https:\/\/yoast.com\/product\/yoast-seo-wordpress\/ -->\n<title>Taux - Platinum RV Park<\/title>\n<meta name=\"robots\" content=\"index, follow, max-snippet:-1, max-image-preview:large, max-video-preview:-1\" \/>\n<link rel=\"canonical\" href=\"https:\/\/platinumrvpark.com\/fr\/taux\/\" \/>\n<meta property=\"og:locale\" content=\"fr_FR\" \/>\n<meta property=\"og:type\" content=\"article\" \/>\n<meta property=\"og:title\" content=\"Taux - Platinum RV Park\" \/>\n<meta property=\"og:description\" content=\"Taux Quotidien &amp; hebdomadaire$60par nuit ou $360par semaine Branchement (30 amp, l&#039;eau, l&#039;\u00e9gout) Site extra large R\u00e9servations Quotidien &amp; hebdomadaire (50 amp)$70par nuit ou $420par semaine Branchement (50 amp, l&#039;eau, l&#039;\u00e9gout) Site extra large R\u00e9servations Site saisonnier 2026$2200 (30 amp) ou $2400 (50 amp)+ TVH + l&#039;\u00e9lectricit\u00e9 (chaque site individuellement r\u00e9gul\u00e9) Branchement (30 ou 50 [&hellip;]\" \/>\n<meta property=\"og:url\" content=\"https:\/\/platinumrvpark.com\/fr\/taux\/\" \/>\n<meta property=\"og:site_name\" content=\"Platinum RV Park\" \/>\n<meta property=\"article:modified_time\" content=\"2026-01-13T02:36:57+00:00\" \/>\n<meta name=\"twitter:card\" content=\"summary_large_image\" \/>\n<meta name=\"twitter:label1\" content=\"Est. reading time\" \/>\n\t<meta name=\"twitter:data1\" content=\"1 minute\" \/>\n<script type=\"application\/ld+json\" class=\"yoast-schema-graph\">{\"@context\":\"https:\\\/\\\/schema.org\",\"@graph\":[{\"@type\":\"WebPage\",\"@id\":\"https:\\\/\\\/platinumrvpark.com\\\/fr\\\/taux\\\/\",\"url\":\"https:\\\/\\\/platinumrvpark.com\\\/fr\\\/taux\\\/\",\"name\":\"Taux - Platinum RV Park\",\"isPartOf\":{\"@id\":\"https:\\\/\\\/platinumrvpark.com\\\/#website\"},\"datePublished\":\"2013-08-22T17:55:38+00:00\",\"dateModified\":\"2026-01-13T02:36:57+00:00\",\"breadcrumb\":{\"@id\":\"https:\\\/\\\/platinumrvpark.com\\\/fr\\\/taux\\\/#breadcrumb\"},\"inLanguage\":\"fr-FR\",\"potentialAction\":[{\"@type\":\"ReadAction\",\"target\":[\"https:\\\/\\\/platinumrvpark.com\\\/fr\\\/taux\\\/\"]}]},{\"@type\":\"BreadcrumbList\",\"@id\":\"https:\\\/\\\/platinumrvpark.com\\\/fr\\\/taux\\\/#breadcrumb\",\"itemListElement\":[{\"@type\":\"ListItem\",\"position\":1,\"name\":\"Home\",\"item\":\"http:\\\/\\\/platinumrvpark.com\\\/fr\\\/\"},{\"@type\":\"ListItem\",\"position\":2,\"name\":\"Taux\"}]},{\"@type\":\"WebSite\",\"@id\":\"https:\\\/\\\/platinumrvpark.com\\\/#website\",\"url\":\"https:\\\/\\\/platinumrvpark.com\\\/\",\"name\":\"Platinum RV Park\",\"description\":\"Platinum RV Park Near Shediac NB\",\"potentialAction\":[{\"@type\":\"SearchAction\",\"target\":{\"@type\":\"EntryPoint\",\"urlTemplate\":\"https:\\\/\\\/platinumrvpark.com\\\/?s={search_term_string}\"},\"query-input\":{\"@type\":\"PropertyValueSpecification\",\"valueRequired\":true,\"valueName\":\"search_term_string\"}}],\"inLanguage\":\"fr-FR\"}]}<\/script>\n<!-- \/ Yoast SEO plugin. -->","yoast_head_json":{"title":"Taux - Platinum RV Park","robots":{"index":"index","follow":"follow","max-snippet":"max-snippet:-1","max-image-preview":"max-image-preview:large","max-video-preview":"max-video-preview:-1"},"canonical":"https:\/\/platinumrvpark.com\/fr\/taux\/","og_locale":"fr_FR","og_type":"article","og_title":"Taux - Platinum RV Park","og_description":"Taux Quotidien & hebdomadaire$60par nuit ou $360par semaine Branchement (30 amp, l'eau, l'\u00e9gout) Site extra large R\u00e9servations Quotidien & hebdomadaire (50 amp)$70par nuit ou $420par semaine Branchement (50 amp, l'eau, l'\u00e9gout) Site extra large R\u00e9servations Site saisonnier 2026$2200 (30 amp) ou $2400 (50 amp)+ TVH + l'\u00e9lectricit\u00e9 (chaque site individuellement r\u00e9gul\u00e9) Branchement (30 ou 50 [&hellip;]","og_url":"https:\/\/platinumrvpark.com\/fr\/taux\/","og_site_name":"Platinum RV Park","article_modified_time":"2026-01-13T02:36:57+00:00","twitter_card":"summary_large_image","twitter_misc":{"Est. reading time":"1 minute"},"schema":{"@context":"https:\/\/schema.org","@graph":[{"@type":"WebPage","@id":"https:\/\/platinumrvpark.com\/fr\/taux\/","url":"https:\/\/platinumrvpark.com\/fr\/taux\/","name":"Taux - Platinum RV Park","isPartOf":{"@id":"https:\/\/platinumrvpark.com\/#website"},"datePublished":"2013-08-22T17:55:38+00:00","dateModified":"2026-01-13T02:36:57+00:00","breadcrumb":{"@id":"https:\/\/platinumrvpark.com\/fr\/taux\/#breadcrumb"},"inLanguage":"fr-FR","potentialAction":[{"@type":"ReadAction","target":["https:\/\/platinumrvpark.com\/fr\/taux\/"]}]},{"@type":"BreadcrumbList","@id":"https:\/\/platinumrvpark.com\/fr\/taux\/#breadcrumb","itemListElement":[{"@type":"ListItem","position":1,"name":"Home","item":"http:\/\/platinumrvpark.com\/fr\/"},{"@type":"ListItem","position":2,"name":"Taux"}]},{"@type":"WebSite","@id":"https:\/\/platinumrvpark.com\/#website","url":"https:\/\/platinumrvpark.com\/","name":"Platinum RV Park","description":"Platinum RV Park Near Shediac NB","potentialAction":[{"@type":"SearchAction","target":{"@type":"EntryPoint","urlTemplate":"https:\/\/platinumrvpark.com\/?s={search_term_string}"},"query-input":{"@type":"PropertyValueSpecification","valueRequired":true,"valueName":"search_term_string"}}],"inLanguage":"fr-FR"}]}},"_links":{"self":[{"href":"https:\/\/platinumrvpark.com\/fr\/wp-json\/wp\/v2\/pages\/1422","targetHints":{"allow":["GET"]}}],"collection":[{"href":"https:\/\/platinumrvpark.com\/fr\/wp-json\/wp\/v2\/pages"}],"about":[{"href":"https:\/\/platinumrvpark.com\/fr\/wp-json\/wp\/v2\/types\/page"}],"author":[{"embeddable":true,"href":"https:\/\/platinumrvpark.com\/fr\/wp-json\/wp\/v2\/users\/3"}],"replies":[{"embeddable":true,"href":"https:\/\/platinumrvpark.com\/fr\/wp-json\/wp\/v2\/comments?post=1422"}],"version-history":[{"count":7,"href":"https:\/\/platinumrvpark.com\/fr\/wp-json\/wp\/v2\/pages\/1422\/revisions"}],"predecessor-version":[{"id":1691,"href":"https:\/\/platinumrvpark.com\/fr\/wp-json\/wp\/v2\/pages\/1422\/revisions\/1691"}],"wp:attachment":[{"href":"https:\/\/platinumrvpark.com\/fr\/wp-json\/wp\/v2\/media?parent=1422"}],"curies":[{"name":"wp","href":"https:\/\/api.w.org\/{rel}","templated":true}]}}