{"id":1430,"date":"2013-12-12T00:59:03","date_gmt":"2013-12-12T04:59:03","guid":{"rendered":"http:\/\/platinumrvpark.com\/?page_id=1430"},"modified":"2026-01-12T22:33:57","modified_gmt":"2026-01-13T02:33:57","slug":"equipements-et-installations","status":"publish","type":"page","link":"https:\/\/platinumrvpark.com\/fr\/equipements-et-installations\/","title":{"rendered":"\u00c9quipements et Installations"},"content":{"rendered":"<div  class=\"fullwidth-content ui--section clearfix\"><div  class=\"ui--section-content\"><div class=\"container\"><div class=\"ui--image-wrap clearfix text-center ui--block\" style=\"margin-bottom: 40px;  margin-left: 0px;  margin-right: 0px;\"><img loading=\"lazy\" decoding=\"async\" width=\"1200\" height=\"300\" src=\"https:\/\/platinumrvpark.com\/wordpress\/wp-content\/uploads\/2013\/12\/slider9.jpg\" class=\"ui--image ui--animation\" alt=\"\" title=\"slider9\" id=\"ui--image-1\" srcset=\"https:\/\/platinumrvpark.com\/wordpress\/wp-content\/uploads\/2013\/12\/slider9.jpg 1200w, https:\/\/platinumrvpark.com\/wordpress\/wp-content\/uploads\/2013\/12\/slider9-300x75.jpg 300w, https:\/\/platinumrvpark.com\/wordpress\/wp-content\/uploads\/2013\/12\/slider9-1024x256.jpg 1024w\" sizes=\"auto, (max-width: 1200px) 100vw, 1200px\" \/><\/div><\/div><\/div><\/div><!-- \/.fullwidth-container --><div class=\"ui-row row\">\n <div   class=\"ui-column span8\"><div class=\"ui--title ui--animation ui--title-bordered text-left\"><div class=\"ui--title-holder\"><h1 class=\"ui--title-text\">\u00c9quipements et Installations<\/h1><div class=\"ui--title-borders ui--title-border-left\"><\/div><div class=\"ui--title-borders ui--title-border-right\"><\/div><\/div><\/div><div class=\"auto-format ui--animation\"><p>\u2022 Grands site de 50 x 70 pieds<br \/>\n\u2022 Branchements d\u2019eau, \u00e9lectrique (30 et 50 amp\u00e8res), \u00e9gout.<br \/>\n\u2022 Acc\u00e8s d\u2019internet sans fil<br \/>\n\u2022 B\u00e2timent avec salle de toilette et douches<br \/>\n\u2022 Grand terrain de jeu et d&#8217;activit\u00e9s<br \/>\n\u2022 Buanderie<br \/>\n\u2022 Tables de pique-nique et puits de feu sur tous nos site<br \/>\n\u2022 Feu de bois et glace disponibles<br \/>\n\u2022 Les animaux domestiques sont bienvenue<\/p>\n<\/div><div class=\"ui-row row\">\n <div   class=\"ui-column span6\"><a class=\"btn btn-normal btn-block btn-icon-left btn-primary ui--animation\" href=\"http:\/\/platinumrvpark.com\/fr\/nous-joindre\/\" style=\"\">Nous joindre<\/a><\/div> \n\n <div   class=\"ui-column span6\"><a class=\"btn btn-normal btn-block btn-icon-left btn-secondary ui--animation\" href=\"http:\/\/platinumrvpark.com\/fr\/taux\/\" style=\"\">Nos taux<\/a><\/div> \n\n<\/div> \n<h2 id=\"custom-title-h2-1\" class=\"ui--animation \" style=\"\"><\/h2><div class=\"ui--image-wrap clearfix text-left ui--block\"><img loading=\"lazy\" decoding=\"async\" width=\"3300\" height=\"2550\" src=\"https:\/\/platinumrvpark.com\/wordpress\/wp-content\/uploads\/2017\/08\/Site-Map-1.jpg\" class=\"ui--image ui--animation\" alt=\"\" id=\"ui--image-2\" srcset=\"https:\/\/platinumrvpark.com\/wordpress\/wp-content\/uploads\/2017\/08\/Site-Map-1.jpg 3300w, https:\/\/platinumrvpark.com\/wordpress\/wp-content\/uploads\/2017\/08\/Site-Map-1-300x231.jpg 300w, https:\/\/platinumrvpark.com\/wordpress\/wp-content\/uploads\/2017\/08\/Site-Map-1-1024x791.jpg 1024w\" sizes=\"auto, (max-width: 3300px) 100vw, 3300px\" \/><\/div><\/div> \n\n <div   class=\"ui-column span4\"><div class=\"ui--image-wrap clearfix\" style=\"margin-top: 40px;  margin-left: -20px;\"><img loading=\"lazy\" decoding=\"async\" width=\"566\" height=\"848\" src=\"https:\/\/platinumrvpark.com\/wordpress\/wp-content\/uploads\/2013\/12\/runningdog.jpg\" class=\"ui--image ui--animation\" alt=\"\" id=\"ui--image-3\" srcset=\"https:\/\/platinumrvpark.com\/wordpress\/wp-content\/uploads\/2013\/12\/runningdog.jpg 566w, https:\/\/platinumrvpark.com\/wordpress\/wp-content\/uploads\/2013\/12\/runningdog-200x300.jpg 200w\" sizes=\"auto, (max-width: 566px) 100vw, 566px\" \/><\/div><\/div> \n\n<\/div> \n<div  id=\"section-8wp3r\" class=\"fullwidth-content ui--section clearfix section-8wp3r color--dark\" style=\"margin-top: 42px;  margin-bottom: -12px;\"><div  class=\"ui--section-content\" style=\"padding-top: 30px;  padding-bottom: 12px;\"><div class=\"container\"><div  class=\"ui--tagline-box-wrapper ui--animation clearfix\" style=\"margin-top: 18px;\"><div  id=\"tagline-1\" class=\"ui--tagline-box ui-row clearfix ui--tagline-box-custom-color radius-3px\" data-responsive=\"{&quot;css&quot;:{&quot;min-height&quot;:{&quot;phone&quot;:&quot;auto&quot;,&quot;tablet&quot;:&quot;auto&quot;,&quot;widescreen&quot;:&quot;&quot;}}}\"><div  class=\"ui--tagline-background-container ui--tagline-background-overlay radius-3px\"><\/div><div  class=\"ui--tagline-background-container ui--tagline-background-image radius-3px\"><\/div><div  class=\"ui--tagline-content\"><div class=\"ui-row row\">\n <div   class=\"ui-column span6\"><div  class=\"ui--animation-in make--fx--fadein-ltr ui--pass clearfix\" data-fx=\"fx--fadein-ltr\" data-delay=\"400\" data-start-delay=\"0\"><h3 id=\"custom-title-h3-1\" class=\"ui--animation \" style=\"margin-bottom: 0px; \">Site saisonni\u00e8re pour 2026, contactez-nous pour plus de d\u00e9tails.<\/h3><div class=\"auto-format ui--animation\"><\/div><\/div><\/div> \n\n <div   class=\"ui-column span6\"><div class=\"ui-row row\">\n <div   class=\"ui-column span6\"><div  class=\"ui--animation-in make--fx--fadein-rtl ui--pass clearfix\" data-fx=\"fx--fadein-rtl\" data-delay=\"150\" data-start-delay=\"0\"><div class=\"text-center ui--animation\"><a class=\"btn btn-large btn-block btn-icon-left btn-black\" href=\"http:\/\/platinumrvpark.com\/fr\/taux\/\" style=\"\">Taux<\/a> <\/div><\/div><\/div> \n\n <div   class=\"ui-column span6\"><div  class=\"ui--animation-in make--fx--fadein-rtl ui--pass clearfix\" data-fx=\"fx--fadein-rtl\" data-delay=\"150\" data-start-delay=\"0\"><div class=\"text-center ui--animation\"><a class=\"btn btn-large btn-block btn-icon-left btn-black\" href=\"http:\/\/platinumrvpark.com\/fr\/reservation\/\" style=\"\">Inscrivez-vous ici<\/a> <\/div><\/div><\/div> \n\n<\/div><\/div> \n\n<\/div> \n<\/div><\/div><div class=\"ui--shadow ui--shadow-type-2  clearfix\"><img decoding=\"async\" src=\"https:\/\/platinumrvpark.com\/wordpress\/wp-content\/themes\/envision\/includes\/modules\/module.shadow\/shadows\/shadow-2.png\" alt=\"shadow\" \/><\/div><\/div><\/div><\/div><\/div><!-- \/.fullwidth-container -->","protected":false},"excerpt":{"rendered":"<p>\u00c9quipements et Installations\u2022 Grands site de 50 x 70 pieds \u2022 Branchements d\u2019eau, \u00e9lectrique (30 et 50 amp\u00e8res), \u00e9gout. \u2022 Acc\u00e8s d\u2019internet sans fil \u2022 B\u00e2timent avec salle de toilette et douches \u2022 Grand terrain de jeu et d&#8217;activit\u00e9s \u2022 Buanderie \u2022 Tables de pique-nique et puits de feu sur tous nos site \u2022 Feu [&hellip;]<\/p>\n","protected":false},"author":3,"featured_media":0,"parent":0,"menu_order":0,"comment_status":"closed","ping_status":"open","template":"","meta":{"footnotes":""},"class_list":["post-1430","page","type-page","status-publish","hentry"],"yoast_head":"<!-- This site is optimized with the Yoast SEO plugin v27.5 - https:\/\/yoast.com\/product\/yoast-seo-wordpress\/ -->\n<title>\u00c9quipements et Installations - Platinum RV Park<\/title>\n<meta name=\"robots\" content=\"index, follow, max-snippet:-1, max-image-preview:large, max-video-preview:-1\" \/>\n<link rel=\"canonical\" href=\"http:\/\/platinumrvpark.com\/fr\/equipements-et-installations\/\" \/>\n<meta property=\"og:locale\" content=\"fr_FR\" \/>\n<meta property=\"og:type\" content=\"article\" \/>\n<meta property=\"og:title\" content=\"\u00c9quipements et Installations - Platinum RV Park\" \/>\n<meta property=\"og:description\" content=\"\u00c9quipements et Installations\u2022 Grands site de 50 x 70 pieds \u2022 Branchements d\u2019eau, \u00e9lectrique (30 et 50 amp\u00e8res), \u00e9gout. \u2022 Acc\u00e8s d\u2019internet sans fil \u2022 B\u00e2timent avec salle de toilette et douches \u2022 Grand terrain de jeu et d&#8217;activit\u00e9s \u2022 Buanderie \u2022 Tables de pique-nique et puits de feu sur tous nos site \u2022 Feu [&hellip;]\" \/>\n<meta property=\"og:url\" content=\"http:\/\/platinumrvpark.com\/fr\/equipements-et-installations\/\" \/>\n<meta property=\"og:site_name\" content=\"Platinum RV Park\" \/>\n<meta property=\"article:modified_time\" content=\"2026-01-13T02:33:57+00:00\" \/>\n<meta name=\"twitter:card\" content=\"summary_large_image\" \/>\n<meta name=\"twitter:label1\" content=\"Est. reading time\" \/>\n\t<meta name=\"twitter:data1\" content=\"2 minutes\" \/>\n<script type=\"application\/ld+json\" class=\"yoast-schema-graph\">{\"@context\":\"https:\\\/\\\/schema.org\",\"@graph\":[{\"@type\":\"WebPage\",\"@id\":\"http:\\\/\\\/platinumrvpark.com\\\/fr\\\/equipements-et-installations\\\/\",\"url\":\"http:\\\/\\\/platinumrvpark.com\\\/fr\\\/equipements-et-installations\\\/\",\"name\":\"\u00c9quipements et Installations - Platinum RV Park\",\"isPartOf\":{\"@id\":\"https:\\\/\\\/platinumrvpark.com\\\/#website\"},\"datePublished\":\"2013-12-12T04:59:03+00:00\",\"dateModified\":\"2026-01-13T02:33:57+00:00\",\"breadcrumb\":{\"@id\":\"http:\\\/\\\/platinumrvpark.com\\\/fr\\\/equipements-et-installations\\\/#breadcrumb\"},\"inLanguage\":\"fr-FR\",\"potentialAction\":[{\"@type\":\"ReadAction\",\"target\":[\"http:\\\/\\\/platinumrvpark.com\\\/fr\\\/equipements-et-installations\\\/\"]}]},{\"@type\":\"BreadcrumbList\",\"@id\":\"http:\\\/\\\/platinumrvpark.com\\\/fr\\\/equipements-et-installations\\\/#breadcrumb\",\"itemListElement\":[{\"@type\":\"ListItem\",\"position\":1,\"name\":\"Home\",\"item\":\"http:\\\/\\\/platinumrvpark.com\\\/fr\\\/\"},{\"@type\":\"ListItem\",\"position\":2,\"name\":\"\u00c9quipements et Installations\"}]},{\"@type\":\"WebSite\",\"@id\":\"https:\\\/\\\/platinumrvpark.com\\\/#website\",\"url\":\"https:\\\/\\\/platinumrvpark.com\\\/\",\"name\":\"Platinum RV Park\",\"description\":\"Platinum RV Park Near Shediac NB\",\"potentialAction\":[{\"@type\":\"SearchAction\",\"target\":{\"@type\":\"EntryPoint\",\"urlTemplate\":\"https:\\\/\\\/platinumrvpark.com\\\/?s={search_term_string}\"},\"query-input\":{\"@type\":\"PropertyValueSpecification\",\"valueRequired\":true,\"valueName\":\"search_term_string\"}}],\"inLanguage\":\"fr-FR\"}]}<\/script>\n<!-- \/ Yoast SEO plugin. -->","yoast_head_json":{"title":"\u00c9quipements et Installations - Platinum RV Park","robots":{"index":"index","follow":"follow","max-snippet":"max-snippet:-1","max-image-preview":"max-image-preview:large","max-video-preview":"max-video-preview:-1"},"canonical":"http:\/\/platinumrvpark.com\/fr\/equipements-et-installations\/","og_locale":"fr_FR","og_type":"article","og_title":"\u00c9quipements et Installations - Platinum RV Park","og_description":"\u00c9quipements et Installations\u2022 Grands site de 50 x 70 pieds \u2022 Branchements d\u2019eau, \u00e9lectrique (30 et 50 amp\u00e8res), \u00e9gout. \u2022 Acc\u00e8s d\u2019internet sans fil \u2022 B\u00e2timent avec salle de toilette et douches \u2022 Grand terrain de jeu et d&#8217;activit\u00e9s \u2022 Buanderie \u2022 Tables de pique-nique et puits de feu sur tous nos site \u2022 Feu [&hellip;]","og_url":"http:\/\/platinumrvpark.com\/fr\/equipements-et-installations\/","og_site_name":"Platinum RV Park","article_modified_time":"2026-01-13T02:33:57+00:00","twitter_card":"summary_large_image","twitter_misc":{"Est. reading time":"2 minutes"},"schema":{"@context":"https:\/\/schema.org","@graph":[{"@type":"WebPage","@id":"http:\/\/platinumrvpark.com\/fr\/equipements-et-installations\/","url":"http:\/\/platinumrvpark.com\/fr\/equipements-et-installations\/","name":"\u00c9quipements et Installations - Platinum RV Park","isPartOf":{"@id":"https:\/\/platinumrvpark.com\/#website"},"datePublished":"2013-12-12T04:59:03+00:00","dateModified":"2026-01-13T02:33:57+00:00","breadcrumb":{"@id":"http:\/\/platinumrvpark.com\/fr\/equipements-et-installations\/#breadcrumb"},"inLanguage":"fr-FR","potentialAction":[{"@type":"ReadAction","target":["http:\/\/platinumrvpark.com\/fr\/equipements-et-installations\/"]}]},{"@type":"BreadcrumbList","@id":"http:\/\/platinumrvpark.com\/fr\/equipements-et-installations\/#breadcrumb","itemListElement":[{"@type":"ListItem","position":1,"name":"Home","item":"http:\/\/platinumrvpark.com\/fr\/"},{"@type":"ListItem","position":2,"name":"\u00c9quipements et Installations"}]},{"@type":"WebSite","@id":"https:\/\/platinumrvpark.com\/#website","url":"https:\/\/platinumrvpark.com\/","name":"Platinum RV Park","description":"Platinum RV Park Near Shediac NB","potentialAction":[{"@type":"SearchAction","target":{"@type":"EntryPoint","urlTemplate":"https:\/\/platinumrvpark.com\/?s={search_term_string}"},"query-input":{"@type":"PropertyValueSpecification","valueRequired":true,"valueName":"search_term_string"}}],"inLanguage":"fr-FR"}]}},"_links":{"self":[{"href":"https:\/\/platinumrvpark.com\/fr\/wp-json\/wp\/v2\/pages\/1430","targetHints":{"allow":["GET"]}}],"collection":[{"href":"https:\/\/platinumrvpark.com\/fr\/wp-json\/wp\/v2\/pages"}],"about":[{"href":"https:\/\/platinumrvpark.com\/fr\/wp-json\/wp\/v2\/types\/page"}],"author":[{"embeddable":true,"href":"https:\/\/platinumrvpark.com\/fr\/wp-json\/wp\/v2\/users\/3"}],"replies":[{"embeddable":true,"href":"https:\/\/platinumrvpark.com\/fr\/wp-json\/wp\/v2\/comments?post=1430"}],"version-history":[{"count":6,"href":"https:\/\/platinumrvpark.com\/fr\/wp-json\/wp\/v2\/pages\/1430\/revisions"}],"predecessor-version":[{"id":1689,"href":"https:\/\/platinumrvpark.com\/fr\/wp-json\/wp\/v2\/pages\/1430\/revisions\/1689"}],"wp:attachment":[{"href":"https:\/\/platinumrvpark.com\/fr\/wp-json\/wp\/v2\/media?parent=1430"}],"curies":[{"name":"wp","href":"https:\/\/api.w.org\/{rel}","templated":true}]}}